{"id":57,"date":"2011-11-27T14:41:48","date_gmt":"2011-11-27T13:41:48","guid":{"rendered":"http:\/\/atelierweiss.wordpress.com\/?page_id=57"},"modified":"2021-04-04T13:20:27","modified_gmt":"2021-04-04T12:20:27","slug":"kontakt","status":"publish","type":"page","link":"http:\/\/atelierweiss.de\/?page_id=57","title":{"rendered":"Kontakt"},"content":{"rendered":"<p>Peter Wei\u00df<br \/>\nAuf Beiwenacker 9<br \/>\n54576 Hillesheim \u2013 Bolsdorf<\/p>\n<p>Tel.: +49 (0) 65 93 &#8211; 20 83 22<\/p>\n<p>E-Mail: <a href=\"mailto:info@atelierweiss.de\">info@atelierweiss.de<\/a><br \/>\nInternet: <a href=\"http:\/\/www.atelierweiss.de\" target=\"_blank\" rel=\"noopener noreferrer\">www.atelierweiss.de<\/a><br \/>\nLinkedIn: <a href=\"http:\/\/de.linkedin.com\/pub\/peter-weiss\/1a\/b38\/544\/\" target=\"_blank\" rel=\"noopener noreferrer\">Peter Wei\u00df<\/a><br \/>\nUSTNR. Finanzamt Wittlich: 43\/222\/08503<\/p>\n","protected":false},"excerpt":{"rendered":"<p>Peter Wei\u00df Auf Beiwenacker 9 54576 Hillesheim \u2013 Bolsdorf Tel.: +49 (0) 65 93 &#8211; 20 83 22 E-Mail: info@atelierweiss.de Internet: www.atelierweiss.de LinkedIn: Peter Wei\u00df USTNR. Finanzamt Wittlich: 43\/222\/08503<\/p>\n","protected":false},"author":1,"featured_media":0,"parent":0,"menu_order":4,"comment_status":"open","ping_status":"open","template":"","meta":{"spay_email":""},"jetpack_sharing_enabled":true,"jetpack_shortlink":"https:\/\/wp.me\/P8EyI2-V","jetpack-related-posts":[{"id":6,"url":"http:\/\/atelierweiss.de\/?page_id=6","url_meta":{"origin":57,"position":0},"title":"\u00dcber uns","date":"November 18, 2010","format":false,"excerpt":"Seit \u00fcber 20 Jahren ist das Atelierweiss im Bereich Figurenbau aktiv. F\u00fcr Museen, Firmen, Messen und Pr\u00e4sentationen fertigen wir realistische Wachsfiguren, Portr\u00e4tfiguren, Museumsfiguren, Dummies und Figurinen aus den verschiedensten Materialien. Kopf des Atelierweiss, Peter Wei\u00df, ist Diplomrestaurator (FH). Die in \u00fcber 30 Jahren erworbenen F\u00e4higkeiten und Fertigkeiten in diesem Beruf\u2026","rel":"","context":"\u00c4hnlicher Beitrag","img":{"alt_text":"","src":"","width":0,"height":0},"classes":[]}],"_links":{"self":[{"href":"http:\/\/atelierweiss.de\/index.php?rest_route=\/wp\/v2\/pages\/57"}],"collection":[{"href":"http:\/\/atelierweiss.de\/index.php?rest_route=\/wp\/v2\/pages"}],"about":[{"href":"http:\/\/atelierweiss.de\/index.php?rest_route=\/wp\/v2\/types\/page"}],"author":[{"embeddable":true,"href":"http:\/\/atelierweiss.de\/index.php?rest_route=\/wp\/v2\/users\/1"}],"replies":[{"embeddable":true,"href":"http:\/\/atelierweiss.de\/index.php?rest_route=%2Fwp%2Fv2%2Fcomments&post=57"}],"version-history":[{"count":2,"href":"http:\/\/atelierweiss.de\/index.php?rest_route=\/wp\/v2\/pages\/57\/revisions"}],"predecessor-version":[{"id":263,"href":"http:\/\/atelierweiss.de\/index.php?rest_route=\/wp\/v2\/pages\/57\/revisions\/263"}],"wp:attachment":[{"href":"http:\/\/atelierweiss.de\/index.php?rest_route=%2Fwp%2Fv2%2Fmedia&parent=57"}],"curies":[{"name":"wp","href":"https:\/\/api.w.org\/{rel}","templated":true}]}}