{"id":6,"date":"2010-11-18T20:38:36","date_gmt":"2010-11-18T20:38:36","guid":{"rendered":"http:\/\/atelierweiss.wordpress.com\/?page_id=2"},"modified":"2021-04-04T13:21:33","modified_gmt":"2021-04-04T12:21:33","slug":"about","status":"publish","type":"page","link":"http:\/\/atelierweiss.de\/?page_id=6","title":{"rendered":"\u00dcber uns"},"content":{"rendered":"<p>Seit \u00fcber 20 Jahren ist das Atelierweiss im Bereich Figurenbau aktiv. F\u00fcr Museen, Firmen, Messen und Pr\u00e4sentationen fertigen wir realistische Wachsfiguren, Portr\u00e4tfiguren, Museumsfiguren, Dummies und Figurinen aus den verschiedensten Materialien.<\/p>\n<p>Kopf des Atelierweiss, Peter Wei\u00df, ist Diplomrestaurator (FH). Die in \u00fcber 30 Jahren erworbenen F\u00e4higkeiten und Fertigkeiten in diesem Beruf und eine immerw\u00e4hrende Erneuerung des Wissens um die Verarbeitung und Anwendung unterschiedlichster Materialien und Techniken in der Herstellung von Nachbildungen, erlauben es ihm, fast allen W\u00fcnschen in Gr\u00f6\u00dfe und Materialien der Nachbildungen gerecht zu werden und fast alle W\u00fcnsche von Gestik und Mimik von Museumsfiguren, Wachsfiguren, Portr\u00e4tfiguren und Dummies umzusetzen.<\/p>\n<p>Wissenschaftler, Museologen und Ausstellungsmacher reichen das n\u00f6tige Hintergrundwissen an uns weiter, damit Authentizit\u00e4t und Wirkungsweise der qualitativ hochwertigen Wachsfiguren, fr\u00fchere Arbeits- und Lebensbedingungen und alte Handwerkstechniken in den zu erstellenden Szenen lebendig erscheinen lassen.<\/p>\n<p>Wir arbeiten mit modifizierten mikrokristallinen Wachsen, wodurch eine Sch\u00e4digung wertvoller Museumsexponate und Kleidungsst\u00fccke auszuschlie\u00dfen ist. Wir bieten auch Kunststofffiguren an, bei denen das Anfassen durch Betrachter durchaus erlaubt werden kann. Das Material ist sehr stabil und nahezu unzerst\u00f6rbar. Es werden bei uns auf Wunsch auch monochrome Figurinen erstellt. Wir w\u00fcrden uns freuen, wenn unsere Arbeit Ihr Interesse findet.<\/p>\n<p>Bei der Anfertigung von Wachsfiguren war Peter Wei\u00df f\u00fcr mehrere Museen t\u00e4tig. Dabei war es auch seine Aufgabe Figurinen herzustellen, deren Vorlagen nur noch zweidimensional als Gem\u00e4lde oder Foto vorhanden waren.<\/p>\n","protected":false},"excerpt":{"rendered":"<p>Seit \u00fcber 20 Jahren ist das Atelierweiss im Bereich Figurenbau aktiv. F\u00fcr Museen, Firmen, Messen und Pr\u00e4sentationen fertigen wir realistische Wachsfiguren, Portr\u00e4tfiguren, Museumsfiguren, Dummies und Figurinen aus den verschiedensten Materialien. Kopf des Atelierweiss, Peter Wei\u00df, ist Diplomrestaurator (FH). Die in \u00fcber 30 Jahren erworbenen F\u00e4higkeiten und Fertigkeiten in diesem Beruf und eine immerw\u00e4hrende Erneuerung des &hellip; <\/p>\n<p class=\"link-more\"><a href=\"http:\/\/atelierweiss.de\/?page_id=6\" class=\"more-link\"><span class=\"screen-reader-text\">\u201e\u00dcber uns\u201c<\/span> weiterlesen<\/a><\/p>\n","protected":false},"author":1,"featured_media":0,"parent":0,"menu_order":3,"comment_status":"open","ping_status":"open","template":"","meta":{"spay_email":""},"jetpack_sharing_enabled":true,"jetpack_shortlink":"https:\/\/wp.me\/P8EyI2-6","jetpack-related-posts":[{"id":72,"url":"http:\/\/atelierweiss.de\/?page_id=72","url_meta":{"origin":6,"position":0},"title":"Portfolio","date":"August 26, 2012","format":false,"excerpt":"In den letzten Jahren hat es sich gezeigt, dass ein \"Einsetzen\" von bekannten, prominenten Pers\u00f6nlichkeiten als Wachsfigur in eine Pr\u00e4sentation nicht nur das Interesse der Betrachter weckt, sondern schon in der Vorbereitungs- und Herstellungsphase recht werbetr\u00e4chtig sein kann. So k\u00f6nnen wir auf viele Kontakte mit bekannten Personen aus Film und\u2026","rel":"","context":"\u00c4hnlicher Beitrag","img":{"alt_text":"","src":"","width":0,"height":0},"classes":[]},{"id":153,"url":"http:\/\/atelierweiss.de\/?page_id=153","url_meta":{"origin":6,"position":1},"title":"Presse","date":"April 22, 2017","format":false,"excerpt":"","rel":"","context":"\u00c4hnlicher Beitrag","img":{"alt_text":"","src":"https:\/\/i0.wp.com\/atelierweiss.de\/wp-content\/uploads\/2017\/04\/Volksfreund-Marx-Figurine-1024x683.jpg?resize=350%2C200","width":350,"height":200},"classes":[]}],"_links":{"self":[{"href":"http:\/\/atelierweiss.de\/index.php?rest_route=\/wp\/v2\/pages\/6"}],"collection":[{"href":"http:\/\/atelierweiss.de\/index.php?rest_route=\/wp\/v2\/pages"}],"about":[{"href":"http:\/\/atelierweiss.de\/index.php?rest_route=\/wp\/v2\/types\/page"}],"author":[{"embeddable":true,"href":"http:\/\/atelierweiss.de\/index.php?rest_route=\/wp\/v2\/users\/1"}],"replies":[{"embeddable":true,"href":"http:\/\/atelierweiss.de\/index.php?rest_route=%2Fwp%2Fv2%2Fcomments&post=6"}],"version-history":[{"count":4,"href":"http:\/\/atelierweiss.de\/index.php?rest_route=\/wp\/v2\/pages\/6\/revisions"}],"predecessor-version":[{"id":265,"href":"http:\/\/atelierweiss.de\/index.php?rest_route=\/wp\/v2\/pages\/6\/revisions\/265"}],"wp:attachment":[{"href":"http:\/\/atelierweiss.de\/index.php?rest_route=%2Fwp%2Fv2%2Fmedia&parent=6"}],"curies":[{"name":"wp","href":"https:\/\/api.w.org\/{rel}","templated":true}]}}