{"id":72,"date":"2012-08-26T12:25:19","date_gmt":"2012-08-26T10:25:19","guid":{"rendered":"http:\/\/atelierweiss.wordpress.com\/?page_id=72"},"modified":"2017-04-22T14:29:23","modified_gmt":"2017-04-22T13:29:23","slug":"portfolio","status":"publish","type":"page","link":"http:\/\/atelierweiss.de\/?page_id=72","title":{"rendered":"Portfolio"},"content":{"rendered":"<p>In den letzten Jahren hat es sich gezeigt, dass ein &#8222;Einsetzen&#8220; von bekannten, prominenten Pers\u00f6nlichkeiten als Wachsfigur in eine Pr\u00e4sentation nicht nur das Interesse der Betrachter weckt, sondern schon in der Vorbereitungs- und Herstellungsphase recht werbetr\u00e4chtig sein kann. So k\u00f6nnen wir auf viele Kontakte mit bekannten Personen aus Film und Fernsehen verweisen.<\/p>\n<p>&nbsp;<\/p>\n<div class=\"foogallery foogallery-container foogallery-default foogallery-lightbox-foobox-free fg-gutter-10 fg-center fg-default fg-light fg-border-thin fg-shadow-small fg-loading-default fg-loaded-fade-in fg-hover-fade fg-hover-zoom fg-ready\" id=\"foogallery-gallery-170\" data-foogallery=\"{&quot;item&quot;:{&quot;showCaptionTitle&quot;:true,&quot;showCaptionDescription&quot;:false},&quot;lazy&quot;:true,&quot;src&quot;:&quot;data-src-fg&quot;,&quot;srcset&quot;:&quot;data-srcset-fg&quot;}\" data-fg-common-fields=\"1\" >\r\n\t<div class=\"fg-item\"><figure class=\"fg-item-inner\"><a href=\"https:\/\/i2.wp.com\/atelierweiss.de\/wp-content\/uploads\/2018\/04\/Karl-2-sw.jpg?fit=1280%2C960\" data-caption-title=\"Karl Marx Kopf f\u00fcr Ausstellung in Trier 2017 2018\" data-attachment-id=\"239\" class=\"fg-thumb\"><span class=\"fg-image-wrap\"><img title=\"Karl Marx Kopf f\u00fcr Ausstellung in Trier 2017 2018\" width=\"150\" height=\"150\" data-src-fg=\"http:\/\/atelierweiss.de\/wp-content\/uploads\/cache\/remote\/i2-wp-com\/2272479400.jpg\" class=\"fg-image\" \/><\/span><\/a><figcaption class=\"fg-caption\"><div class=\"fg-caption-inner\"><div class=\"fg-caption-title\">Karl Marx Kopf f\u00fcr Ausstellung in Trier 2017 2018<\/div><\/div><\/figcaption><\/figure><div class=\"fg-loader\"><\/div><\/div><div class=\"fg-item\"><figure class=\"fg-item-inner\"><a href=\"https:\/\/i0.wp.com\/atelierweiss.de\/wp-content\/uploads\/2015\/12\/mero_sitzend_kleiner.jpg?fit=800%2C1200\" data-caption-title=\"Merowinger sitzend\" data-attachment-id=\"142\" class=\"fg-thumb\"><span class=\"fg-image-wrap\"><img title=\"Merowinger sitzend\" width=\"150\" height=\"150\" data-src-fg=\"http:\/\/atelierweiss.de\/wp-content\/uploads\/cache\/remote\/i0-wp-com\/1524514139.jpg\" class=\"fg-image\" \/><\/span><\/a><figcaption class=\"fg-caption\"><div class=\"fg-caption-inner\"><div class=\"fg-caption-title\">Merowinger sitzend<\/div><\/div><\/figcaption><\/figure><div class=\"fg-loader\"><\/div><\/div><div class=\"fg-item\"><figure class=\"fg-item-inner\"><a href=\"https:\/\/i2.wp.com\/atelierweiss.de\/wp-content\/uploads\/2015\/12\/mero_kleiner.jpg?fit=1095%2C821\" data-caption-title=\"Merowinger Kopf\" data-attachment-id=\"141\" class=\"fg-thumb\"><span class=\"fg-image-wrap\"><img title=\"Merowinger Kopf\" width=\"150\" height=\"150\" data-src-fg=\"http:\/\/atelierweiss.de\/wp-content\/uploads\/cache\/remote\/i2-wp-com\/776607934.jpg\" class=\"fg-image\" \/><\/span><\/a><figcaption class=\"fg-caption\"><div class=\"fg-caption-inner\"><div class=\"fg-caption-title\">Merowinger Kopf<\/div><\/div><\/figcaption><\/figure><div class=\"fg-loader\"><\/div><\/div><div class=\"fg-item\"><figure class=\"fg-item-inner\"><a href=\"https:\/\/i0.wp.com\/atelierweiss.de\/wp-content\/uploads\/2014\/06\/threenew.jpg?fit=905%2C524\" data-caption-title=\"Studien Silikon und Permanent-Make-up\" data-attachment-id=\"129\" class=\"fg-thumb\"><span class=\"fg-image-wrap\"><img title=\"Studien Silikon und Permanent-Make-up\" width=\"150\" height=\"150\" data-src-fg=\"http:\/\/atelierweiss.de\/wp-content\/uploads\/cache\/remote\/i0-wp-com\/1112643239.jpg\" class=\"fg-image\" \/><\/span><\/a><figcaption class=\"fg-caption\"><div class=\"fg-caption-inner\"><div class=\"fg-caption-title\">Studien Silikon und Permanent-Make-up<\/div><\/div><\/figcaption><\/figure><div class=\"fg-loader\"><\/div><\/div><div class=\"fg-item\"><figure class=\"fg-item-inner\"><a href=\"https:\/\/i1.wp.com\/atelierweiss.de\/wp-content\/uploads\/2014\/06\/maxmoritz.jpg?fit=669%2C524\" data-caption-title=\"Studie\" data-attachment-id=\"128\" class=\"fg-thumb\"><span class=\"fg-image-wrap\"><img title=\"Studie\" width=\"150\" height=\"150\" data-src-fg=\"http:\/\/atelierweiss.de\/wp-content\/uploads\/cache\/remote\/i1-wp-com\/3687741299.jpg\" class=\"fg-image\" \/><\/span><\/a><figcaption class=\"fg-caption\"><div class=\"fg-caption-inner\"><div class=\"fg-caption-title\">Studie<\/div><\/div><\/figcaption><\/figure><div class=\"fg-loader\"><\/div><\/div><div class=\"fg-item\"><figure class=\"fg-item-inner\"><a href=\"https:\/\/i1.wp.com\/atelierweiss.de\/wp-content\/uploads\/2014\/06\/marie.jpg?fit=524%2C612\" data-caption-title=\"Silikonstudie\" data-attachment-id=\"125\" class=\"fg-thumb\"><span class=\"fg-image-wrap\"><img title=\"Silikonstudie\" width=\"150\" height=\"150\" data-src-fg=\"http:\/\/atelierweiss.de\/wp-content\/uploads\/cache\/remote\/i1-wp-com\/3572920454.jpg\" class=\"fg-image\" \/><\/span><\/a><figcaption class=\"fg-caption\"><div class=\"fg-caption-inner\"><div class=\"fg-caption-title\">Silikonstudie<\/div><\/div><\/figcaption><\/figure><div class=\"fg-loader\"><\/div><\/div><div class=\"fg-item\"><figure class=\"fg-item-inner\"><a href=\"https:\/\/i0.wp.com\/atelierweiss.de\/wp-content\/uploads\/2014\/06\/anettevon.jpg?fit=455%2C524\" data-caption-title=\"Studie Dame in Silikon\" data-attachment-id=\"123\" class=\"fg-thumb\"><span class=\"fg-image-wrap\"><img title=\"Studie Dame in Silikon\" width=\"150\" height=\"150\" data-src-fg=\"http:\/\/atelierweiss.de\/wp-content\/uploads\/cache\/remote\/i0-wp-com\/1764861128.jpg\" class=\"fg-image\" \/><\/span><\/a><figcaption class=\"fg-caption\"><div class=\"fg-caption-inner\"><div class=\"fg-caption-title\">Studie Dame in Silikon<\/div><\/div><\/figcaption><\/figure><div class=\"fg-loader\"><\/div><\/div><div class=\"fg-item\"><figure class=\"fg-item-inner\"><a href=\"https:\/\/i2.wp.com\/atelierweiss.de\/wp-content\/uploads\/2014\/06\/bartemann.jpg?fit=452%2C524\" data-caption-title=\"Johannes Brahms in Silikon\" data-attachment-id=\"124\" class=\"fg-thumb\"><span class=\"fg-image-wrap\"><img title=\"Johannes Brahms in Silikon\" width=\"150\" height=\"150\" data-src-fg=\"http:\/\/atelierweiss.de\/wp-content\/uploads\/cache\/remote\/i2-wp-com\/1023999875.jpg\" class=\"fg-image\" \/><\/span><\/a><figcaption class=\"fg-caption\"><div class=\"fg-caption-inner\"><div class=\"fg-caption-title\">Johannes Brahms in Silikon<\/div><\/div><\/figcaption><\/figure><div class=\"fg-loader\"><\/div><\/div><div class=\"fg-item\"><figure class=\"fg-item-inner\"><a href=\"https:\/\/i2.wp.com\/atelierweiss.de\/wp-content\/uploads\/2013\/12\/studie1.jpg?fit=699%2C524\" data-caption-title=\"Kopf Studie\" data-attachment-id=\"115\" class=\"fg-thumb\"><span class=\"fg-image-wrap\"><img title=\"Kopf Studie\" width=\"150\" height=\"150\" data-src-fg=\"http:\/\/atelierweiss.de\/wp-content\/uploads\/cache\/remote\/i2-wp-com\/679019851.jpg\" class=\"fg-image\" \/><\/span><\/a><figcaption class=\"fg-caption\"><div class=\"fg-caption-inner\"><div class=\"fg-caption-title\">Kopf Studie<\/div><\/div><\/figcaption><\/figure><div class=\"fg-loader\"><\/div><\/div><div class=\"fg-item\"><figure class=\"fg-item-inner\"><a href=\"https:\/\/i0.wp.com\/atelierweiss.de\/wp-content\/uploads\/2013\/12\/jungefrau.jpg?fit=699%2C524\" data-caption-title=\"Studie junge Frau\" data-attachment-id=\"113\" class=\"fg-thumb\"><span class=\"fg-image-wrap\"><img title=\"Studie junge Frau\" width=\"150\" height=\"150\" data-src-fg=\"http:\/\/atelierweiss.de\/wp-content\/uploads\/cache\/remote\/i0-wp-com\/3165076988.jpg\" class=\"fg-image\" \/><\/span><\/a><figcaption class=\"fg-caption\"><div class=\"fg-caption-inner\"><div class=\"fg-caption-title\">Studie junge Frau<\/div><\/div><\/figcaption><\/figure><div class=\"fg-loader\"><\/div><\/div><div class=\"fg-item\"><figure class=\"fg-item-inner\"><a href=\"https:\/\/i1.wp.com\/atelierweiss.de\/wp-content\/uploads\/2012\/09\/rc3a4uber-matzeder.jpg?fit=1024%2C922\" data-attachment-id=\"101\" class=\"fg-thumb\"><span class=\"fg-image-wrap\"><img alt=\"Figurine R\u00e4uber Matzeder\" width=\"150\" height=\"150\" data-src-fg=\"http:\/\/atelierweiss.de\/wp-content\/uploads\/cache\/remote\/i1-wp-com\/870081688.jpg\" class=\"fg-image\" \/><\/span><\/a><figcaption class=\"fg-caption\"><div class=\"fg-caption-inner\"><\/div><\/figcaption><\/figure><div class=\"fg-loader\"><\/div><\/div><div class=\"fg-item\"><figure class=\"fg-item-inner\"><a href=\"https:\/\/i0.wp.com\/atelierweiss.de\/wp-content\/uploads\/2012\/08\/winkelmann.jpg?fit=717%2C524\" data-caption-title=\"M. Winkelmann nach Foto\" data-attachment-id=\"90\" class=\"fg-thumb\"><span class=\"fg-image-wrap\"><img alt=\"Frau Winkelmann\" title=\"M. Winkelmann nach Foto\" width=\"150\" height=\"150\" data-src-fg=\"http:\/\/atelierweiss.de\/wp-content\/uploads\/cache\/remote\/i0-wp-com\/1462434567.jpg\" class=\"fg-image\" \/><\/span><\/a><figcaption class=\"fg-caption\"><div class=\"fg-caption-inner\"><div class=\"fg-caption-title\">M. Winkelmann nach Foto<\/div><\/div><\/figcaption><\/figure><div class=\"fg-loader\"><\/div><\/div><div class=\"fg-item\"><figure class=\"fg-item-inner\"><a href=\"https:\/\/i0.wp.com\/atelierweiss.de\/wp-content\/uploads\/2012\/08\/studiejungemuetze.jpg?fit=393%2C524\" data-caption-title=\"Studie\" data-attachment-id=\"88\" class=\"fg-thumb\"><span class=\"fg-image-wrap\"><img title=\"Studie\" width=\"150\" height=\"150\" data-src-fg=\"http:\/\/atelierweiss.de\/wp-content\/uploads\/cache\/remote\/i0-wp-com\/3794331479.jpg\" class=\"fg-image\" \/><\/span><\/a><figcaption class=\"fg-caption\"><div class=\"fg-caption-inner\"><div class=\"fg-caption-title\">Studie<\/div><\/div><\/figcaption><\/figure><div class=\"fg-loader\"><\/div><\/div><div class=\"fg-item\"><figure class=\"fg-item-inner\"><a href=\"https:\/\/i2.wp.com\/atelierweiss.de\/wp-content\/uploads\/2012\/08\/redman.jpg?fit=376%2C524\" data-caption-title=\"Mann in Rot\" data-attachment-id=\"87\" class=\"fg-thumb\"><span class=\"fg-image-wrap\"><img alt=\"Mann in historischer Kleidung\" title=\"Mann in Rot\" width=\"150\" height=\"150\" data-src-fg=\"http:\/\/atelierweiss.de\/wp-content\/uploads\/cache\/remote\/i2-wp-com\/4226101988.jpg\" class=\"fg-image\" \/><\/span><\/a><figcaption class=\"fg-caption\"><div class=\"fg-caption-inner\"><div class=\"fg-caption-title\">Mann in Rot<\/div><\/div><\/figcaption><\/figure><div class=\"fg-loader\"><\/div><\/div><div class=\"fg-item\"><figure class=\"fg-item-inner\"><a href=\"https:\/\/i0.wp.com\/atelierweiss.de\/wp-content\/uploads\/2012\/08\/picasso.jpg?fit=657%2C524\" data-caption-title=\"Pablo Picasso\" data-attachment-id=\"85\" class=\"fg-thumb\"><span class=\"fg-image-wrap\"><img alt=\"Pablo Picasso\" title=\"Pablo Picasso\" width=\"150\" height=\"150\" data-src-fg=\"http:\/\/atelierweiss.de\/wp-content\/uploads\/cache\/remote\/i0-wp-com\/3197216739.jpg\" class=\"fg-image\" \/><\/span><\/a><figcaption class=\"fg-caption\"><div class=\"fg-caption-inner\"><div class=\"fg-caption-title\">Pablo Picasso<\/div><\/div><\/figcaption><\/figure><div class=\"fg-loader\"><\/div><\/div><div class=\"fg-item\"><figure class=\"fg-item-inner\"><a href=\"https:\/\/i1.wp.com\/atelierweiss.de\/wp-content\/uploads\/2012\/08\/peterundjuri.jpg?fit=782%2C524\" data-caption-title=\"Modellieren im Ton nach Foto\" data-attachment-id=\"84\" class=\"fg-thumb\"><span class=\"fg-image-wrap\"><img title=\"Modellieren im Ton nach Foto\" width=\"150\" height=\"150\" data-src-fg=\"http:\/\/atelierweiss.de\/wp-content\/uploads\/cache\/remote\/i1-wp-com\/3954416284.jpg\" class=\"fg-image\" \/><\/span><\/a><figcaption class=\"fg-caption\"><div class=\"fg-caption-inner\"><div class=\"fg-caption-title\">Modellieren im Ton nach Foto<\/div><\/div><\/figcaption><\/figure><div class=\"fg-loader\"><\/div><\/div><div class=\"fg-item\"><figure class=\"fg-item-inner\"><a href=\"https:\/\/i1.wp.com\/atelierweiss.de\/wp-content\/uploads\/2012\/08\/gagarinmithelm.jpg?fit=393%2C524\" data-caption-title=\"Juri Gagarin\" data-attachment-id=\"78\" class=\"fg-thumb\"><span class=\"fg-image-wrap\"><img alt=\"Juri Gagarin mit Helm\" title=\"Juri Gagarin\" width=\"150\" height=\"150\" data-src-fg=\"http:\/\/atelierweiss.de\/wp-content\/uploads\/cache\/remote\/i1-wp-com\/2008183253.jpg\" class=\"fg-image\" \/><\/span><\/a><figcaption class=\"fg-caption\"><div class=\"fg-caption-inner\"><div class=\"fg-caption-title\">Juri Gagarin<\/div><\/div><\/figcaption><\/figure><div class=\"fg-loader\"><\/div><\/div><div class=\"fg-item\"><figure class=\"fg-item-inner\"><a href=\"https:\/\/i2.wp.com\/atelierweiss.de\/wp-content\/uploads\/2012\/08\/oswald.jpg?fit=699%2C524\" data-caption-title=\"Oswald von Wolkenstein\" data-attachment-id=\"83\" class=\"fg-thumb\"><span class=\"fg-image-wrap\"><img alt=\"Ritter\" title=\"Oswald von Wolkenstein\" width=\"150\" height=\"150\" data-src-fg=\"http:\/\/atelierweiss.de\/wp-content\/uploads\/cache\/remote\/i2-wp-com\/4202838807.jpg\" class=\"fg-image\" \/><\/span><\/a><figcaption class=\"fg-caption\"><div class=\"fg-caption-inner\"><div class=\"fg-caption-title\">Oswald von Wolkenstein<\/div><\/div><\/figcaption><\/figure><div class=\"fg-loader\"><\/div><\/div><div class=\"fg-item\"><figure class=\"fg-item-inner\"><a href=\"https:\/\/i1.wp.com\/atelierweiss.de\/wp-content\/uploads\/2012\/08\/tirol.jpg?fit=739%2C524\" data-caption-title=\"Knappe\" data-attachment-id=\"89\" class=\"fg-thumb\"><span class=\"fg-image-wrap\"><img alt=\"Ritter Knappe\" title=\"Knappe\" width=\"150\" height=\"150\" data-src-fg=\"http:\/\/atelierweiss.de\/wp-content\/uploads\/cache\/remote\/i1-wp-com\/3521744998.jpg\" class=\"fg-image\" \/><\/span><\/a><figcaption class=\"fg-caption\"><div class=\"fg-caption-inner\"><div class=\"fg-caption-title\">Knappe<\/div><\/div><\/figcaption><\/figure><div class=\"fg-loader\"><\/div><\/div><div class=\"fg-item\"><figure class=\"fg-item-inner\"><a href=\"https:\/\/i0.wp.com\/atelierweiss.de\/wp-content\/uploads\/2012\/08\/modellingbaby.jpg?fit=442%2C524\" data-caption-title=\"Kind modellieren\" data-attachment-id=\"82\" class=\"fg-thumb\"><span class=\"fg-image-wrap\"><img title=\"Kind modellieren\" width=\"150\" height=\"150\" data-src-fg=\"http:\/\/atelierweiss.de\/wp-content\/uploads\/cache\/remote\/i0-wp-com\/1858682885.jpg\" class=\"fg-image\" \/><\/span><\/a><figcaption class=\"fg-caption\"><div class=\"fg-caption-inner\"><div class=\"fg-caption-title\">Kind modellieren<\/div><\/div><\/figcaption><\/figure><div class=\"fg-loader\"><\/div><\/div><div class=\"fg-item\"><figure class=\"fg-item-inner\"><a href=\"https:\/\/i2.wp.com\/atelierweiss.de\/wp-content\/uploads\/2012\/08\/konduktor.jpg?fit=393%2C524\" data-caption-title=\"Schaffner\" data-attachment-id=\"81\" class=\"fg-thumb\"><span class=\"fg-image-wrap\"><img alt=\"Schaffner\" title=\"Schaffner\" width=\"150\" height=\"150\" data-src-fg=\"http:\/\/atelierweiss.de\/wp-content\/uploads\/cache\/remote\/i2-wp-com\/124189248.jpg\" class=\"fg-image\" \/><\/span><\/a><figcaption class=\"fg-caption\"><div class=\"fg-caption-inner\"><div class=\"fg-caption-title\">Schaffner<\/div><\/div><\/figcaption><\/figure><div class=\"fg-loader\"><\/div><\/div><div class=\"fg-item\"><figure class=\"fg-item-inner\"><a href=\"https:\/\/i0.wp.com\/atelierweiss.de\/wp-content\/uploads\/2012\/08\/junge.jpg?fit=393%2C524\" data-caption-title=\"Studie Junge\" data-attachment-id=\"80\" class=\"fg-thumb\"><span class=\"fg-image-wrap\"><img title=\"Studie Junge\" width=\"150\" height=\"150\" data-src-fg=\"http:\/\/atelierweiss.de\/wp-content\/uploads\/cache\/remote\/i0-wp-com\/1347085217.jpg\" class=\"fg-image\" \/><\/span><\/a><figcaption class=\"fg-caption\"><div class=\"fg-caption-inner\"><div class=\"fg-caption-title\">Studie Junge<\/div><\/div><\/figcaption><\/figure><div class=\"fg-loader\"><\/div><\/div><div class=\"fg-item\"><figure class=\"fg-item-inner\"><a href=\"https:\/\/i0.wp.com\/atelierweiss.de\/wp-content\/uploads\/2012\/08\/gangster.jpg?fit=604%2C524\" data-caption-title=\"Mafiafigur f\u00fcr Restaurant\" data-attachment-id=\"79\" class=\"fg-thumb\"><span class=\"fg-image-wrap\"><img alt=\"Buzzano Figur f\u00fcr Restaurant\" title=\"Mafiafigur f\u00fcr Restaurant\" width=\"150\" height=\"150\" data-src-fg=\"http:\/\/atelierweiss.de\/wp-content\/uploads\/cache\/remote\/i0-wp-com\/2275471843.jpg\" class=\"fg-image\" \/><\/span><\/a><figcaption class=\"fg-caption\"><div class=\"fg-caption-inner\"><div class=\"fg-caption-title\">Mafiafigur f\u00fcr Restaurant<\/div><\/div><\/figcaption><\/figure><div class=\"fg-loader\"><\/div><\/div><div class=\"fg-item\"><figure class=\"fg-item-inner\"><a href=\"https:\/\/i0.wp.com\/atelierweiss.de\/wp-content\/uploads\/2012\/08\/furst.jpg?fit=396%2C524\" data-caption-title=\"F\u00fcrst von Planig\" data-attachment-id=\"77\" class=\"fg-thumb\"><span class=\"fg-image-wrap\"><img alt=\"F\u00fcrst von Planig\" title=\"F\u00fcrst von Planig\" width=\"150\" height=\"150\" data-src-fg=\"http:\/\/atelierweiss.de\/wp-content\/uploads\/cache\/remote\/i0-wp-com\/450607748.jpg\" class=\"fg-image\" \/><\/span><\/a><figcaption class=\"fg-caption\"><div class=\"fg-caption-inner\"><div class=\"fg-caption-title\">F\u00fcrst von Planig<\/div><\/div><\/figcaption><\/figure><div class=\"fg-loader\"><\/div><\/div><div class=\"fg-item\"><figure class=\"fg-item-inner\"><a href=\"https:\/\/i2.wp.com\/atelierweiss.de\/wp-content\/uploads\/2012\/08\/detailmannmuetze.jpg?fit=393%2C524\" data-caption-title=\"Alter Mann\" data-attachment-id=\"76\" class=\"fg-thumb\"><span class=\"fg-image-wrap\"><img alt=\"Alter Mann\" title=\"Alter Mann\" width=\"150\" height=\"150\" data-src-fg=\"http:\/\/atelierweiss.de\/wp-content\/uploads\/cache\/remote\/i2-wp-com\/2088931400.jpg\" class=\"fg-image\" \/><\/span><\/a><figcaption class=\"fg-caption\"><div class=\"fg-caption-inner\"><div class=\"fg-caption-title\">Alter Mann<\/div><\/div><\/figcaption><\/figure><div class=\"fg-loader\"><\/div><\/div><div class=\"fg-item\"><figure class=\"fg-item-inner\"><a href=\"https:\/\/i2.wp.com\/atelierweiss.de\/wp-content\/uploads\/2012\/08\/aschenbrodel.jpg?fit=445%2C524\" data-caption-title=\"Aschenbr\u00f6del\" data-attachment-id=\"74\" class=\"fg-thumb\"><span class=\"fg-image-wrap\"><img alt=\"Drei N\u00fcsse f\u00fcr Aschenbr\u00f6del\" title=\"Aschenbr\u00f6del\" width=\"150\" height=\"150\" data-src-fg=\"http:\/\/atelierweiss.de\/wp-content\/uploads\/cache\/remote\/i2-wp-com\/1420656089.jpg\" class=\"fg-image\" \/><\/span><\/a><figcaption class=\"fg-caption\"><div class=\"fg-caption-inner\"><div class=\"fg-caption-title\">Aschenbr\u00f6del<\/div><\/div><\/figcaption><\/figure><div class=\"fg-loader\"><\/div><\/div><div class=\"fg-item\"><figure class=\"fg-item-inner\"><a href=\"https:\/\/i1.wp.com\/atelierweiss.de\/wp-content\/uploads\/2012\/08\/prinz_drei_haselnusse_fur_aschenbrodel.jpg?fit=680%2C524\" data-caption-title=\"Prinz von Aschenbr\u00f6del\" data-attachment-id=\"86\" class=\"fg-thumb\"><span class=\"fg-image-wrap\"><img alt=\"Prinz\" title=\"Prinz von Aschenbr\u00f6del\" width=\"150\" height=\"150\" data-src-fg=\"http:\/\/atelierweiss.de\/wp-content\/uploads\/cache\/remote\/i1-wp-com\/1196036268.jpg\" class=\"fg-image\" \/><\/span><\/a><figcaption class=\"fg-caption\"><div class=\"fg-caption-inner\"><div class=\"fg-caption-title\">Prinz von Aschenbr\u00f6del<\/div><\/div><\/figcaption><\/figure><div class=\"fg-loader\"><\/div><\/div><div class=\"fg-item\"><figure class=\"fg-item-inner\"><a href=\"https:\/\/i1.wp.com\/atelierweiss.de\/wp-content\/uploads\/2011\/11\/ausstellungmoritzburg.jpg?fit=903%2C768\" data-caption-title=\"Aschenbrodel Ausstellung Moritzburg\" data-attachment-id=\"49\" class=\"fg-thumb\"><span class=\"fg-image-wrap\"><img title=\"Aschenbrodel Ausstellung Moritzburg\" width=\"150\" height=\"150\" data-src-fg=\"http:\/\/atelierweiss.de\/wp-content\/uploads\/cache\/remote\/i1-wp-com\/797613103.jpg\" class=\"fg-image\" \/><\/span><\/a><figcaption class=\"fg-caption\"><div class=\"fg-caption-inner\"><div class=\"fg-caption-title\">Aschenbrodel Ausstellung Moritzburg<\/div><\/div><\/figcaption><\/figure><div class=\"fg-loader\"><\/div><\/div><div class=\"fg-item\"><figure class=\"fg-item-inner\"><a href=\"https:\/\/i1.wp.com\/atelierweiss.de\/wp-content\/uploads\/2012\/08\/ariel.jpg?fit=400%2C524\" data-caption-title=\"Ariel Sharon - Tel Aviv, Israel\" data-attachment-id=\"73\" class=\"fg-thumb\"><span class=\"fg-image-wrap\"><img alt=\"Ariel Sharon Skulptur\" title=\"Ariel Sharon - Tel Aviv, Israel\" width=\"150\" height=\"150\" data-src-fg=\"http:\/\/atelierweiss.de\/wp-content\/uploads\/cache\/remote\/i1-wp-com\/3814308081.jpg\" class=\"fg-image\" \/><\/span><\/a><figcaption class=\"fg-caption\"><div class=\"fg-caption-inner\"><div class=\"fg-caption-title\">Ariel Sharon - Tel Aviv, Israel<\/div><\/div><\/figcaption><\/figure><div class=\"fg-loader\"><\/div><\/div><div class=\"fg-item\"><figure class=\"fg-item-inner\"><a href=\"https:\/\/i2.wp.com\/atelierweiss.de\/wp-content\/uploads\/2010\/11\/getty-sharon1.jpg?fit=500%2C333\" data-attachment-id=\"13\" class=\"fg-thumb\"><span class=\"fg-image-wrap\"><img alt=\"F\u00fcr den K\u00fcnstler Noam Braslavsky angefertigt\" width=\"150\" height=\"150\" data-src-fg=\"http:\/\/atelierweiss.de\/wp-content\/uploads\/cache\/remote\/i2-wp-com\/3152034216.jpg\" class=\"fg-image\" \/><\/span><\/a><figcaption class=\"fg-caption\"><div class=\"fg-caption-inner\"><\/div><\/figcaption><\/figure><div class=\"fg-loader\"><\/div><\/div><\/div>\r\n\n","protected":false},"excerpt":{"rendered":"<p>In den letzten Jahren hat es sich gezeigt, dass ein &#8222;Einsetzen&#8220; von bekannten, prominenten Pers\u00f6nlichkeiten als Wachsfigur in eine Pr\u00e4sentation nicht nur das Interesse der Betrachter weckt, sondern schon in der Vorbereitungs- und Herstellungsphase recht werbetr\u00e4chtig sein kann. So k\u00f6nnen wir auf viele Kontakte mit bekannten Personen aus Film und Fernsehen verweisen. &nbsp;<\/p>\n","protected":false},"author":1,"featured_media":0,"parent":0,"menu_order":2,"comment_status":"open","ping_status":"open","template":"","meta":{"spay_email":""},"jetpack_sharing_enabled":true,"jetpack_shortlink":"https:\/\/wp.me\/P8EyI2-1a","jetpack-related-posts":[{"id":6,"url":"http:\/\/atelierweiss.de\/?page_id=6","url_meta":{"origin":72,"position":0},"title":"\u00dcber uns","date":"November 18, 2010","format":false,"excerpt":"Seit \u00fcber 20 Jahren ist das Atelierweiss im Bereich Figurenbau aktiv. F\u00fcr Museen, Firmen, Messen und Pr\u00e4sentationen fertigen wir realistische Wachsfiguren, Portr\u00e4tfiguren, Museumsfiguren, Dummies und Figurinen aus den verschiedensten Materialien. Kopf des Atelierweiss, Peter Wei\u00df, ist Diplomrestaurator (FH). Die in \u00fcber 30 Jahren erworbenen F\u00e4higkeiten und Fertigkeiten in diesem Beruf\u2026","rel":"","context":"\u00c4hnlicher Beitrag","img":{"alt_text":"","src":"","width":0,"height":0},"classes":[]}],"_links":{"self":[{"href":"http:\/\/atelierweiss.de\/index.php?rest_route=\/wp\/v2\/pages\/72"}],"collection":[{"href":"http:\/\/atelierweiss.de\/index.php?rest_route=\/wp\/v2\/pages"}],"about":[{"href":"http:\/\/atelierweiss.de\/index.php?rest_route=\/wp\/v2\/types\/page"}],"author":[{"embeddable":true,"href":"http:\/\/atelierweiss.de\/index.php?rest_route=\/wp\/v2\/users\/1"}],"replies":[{"embeddable":true,"href":"http:\/\/atelierweiss.de\/index.php?rest_route=%2Fwp%2Fv2%2Fcomments&post=72"}],"version-history":[{"count":4,"href":"http:\/\/atelierweiss.de\/index.php?rest_route=\/wp\/v2\/pages\/72\/revisions"}],"predecessor-version":[{"id":171,"href":"http:\/\/atelierweiss.de\/index.php?rest_route=\/wp\/v2\/pages\/72\/revisions\/171"}],"wp:attachment":[{"href":"http:\/\/atelierweiss.de\/index.php?rest_route=%2Fwp%2Fv2%2Fmedia&parent=72"}],"curies":[{"name":"wp","href":"https:\/\/api.w.org\/{rel}","templated":true}]}}